{"id":9460,"date":"2025-06-17T14:21:38","date_gmt":"2025-06-17T12:21:38","guid":{"rendered":"https:\/\/badehaus-berlin.com\/?page_id=9460"},"modified":"2025-06-18T17:16:51","modified_gmt":"2025-06-18T15:16:51","slug":"corporative","status":"publish","type":"page","link":"https:\/\/badehaus-berlin.com\/en\/corporative\/","title":{"rendered":"Corporate \/ Day Use"},"content":{"rendered":"<div class=\"wpb-content-wrapper\"><section class=\"  light-wrapper normal-padding vc_row wpb_row vc_row-fluid light-wrapper normal-padding\"><div class=\"container \"><div class=\"row \"><div class=\"wpb_column vc_column_container col-sm-12\"><div class=\"vc_column-inner\"><div class=\"wpb_wrapper\">\n\t<div class=\"wpb_text_column wpb_content_element\" >\n\t\t<div class=\"wpb_wrapper\">\n\t\t\t<h1>FIRMEN \/ TAGESNUTZUNG<\/h1>\n\n\t\t<\/div>\n\t<\/div>\n\n\t<div class=\"wpb_text_column wpb_content_element\" >\n\t\t<div class=\"wpb_wrapper\">\n\t\t\t<p data-start=\"267\" data-end=\"434\"><strong data-start=\"267\" data-end=\"290\">Das Badehaus Berlin<\/strong> in Berlin-Friedrichshain kann auch au\u00dferhalb des regul\u00e4ren Programms f\u00fcr <strong data-start=\"364\" data-end=\"417\">individuelle Veranstaltungen und Corporate Events<\/strong> gemietet werden.<\/p>\n<p data-start=\"436\" data-end=\"660\">Ob <strong data-start=\"439\" data-end=\"508\">Tagung, Panel, Produktpr\u00e4sentation, Workshop oder Weihnachtsfeier<\/strong> \u2013 wir bieten euch eine <strong data-start=\"532\" data-end=\"571\">flexible und inspirierende Location<\/strong>, inklusive technischer Ausstattung und pers\u00f6nlicher Betreuung bei Planung und Umsetzung.<\/p>\n<p data-start=\"662\" data-end=\"718\">Unsere R\u00e4umlichkeiten erm\u00f6glichen verschiedene Setups:<\/p>\n<ul>\n<li data-start=\"721\" data-end=\"747\">mit oder ohne Bestuhlung<\/li>\n<li data-start=\"750\" data-end=\"776\">separater <strong data-start=\"760\" data-end=\"774\">Barbereich<\/strong><\/li>\n<li data-start=\"779\" data-end=\"812\"><strong data-start=\"779\" data-end=\"800\">Beamer &amp; Leinwand<\/strong> vorhanden<\/li>\n<li data-start=\"815\" data-end=\"867\">licht- und tontechnische Infrastruktur auf Anfrage<\/li>\n<li data-start=\"870\" data-end=\"933\">ideal auch f\u00fcr <strong data-start=\"885\" data-end=\"909\">Tagesveranstaltungen<\/strong>, Proben oder Videodrehs<\/li>\n<\/ul>\n<p data-start=\"935\" data-end=\"1001\">Wir freuen uns auf eure Anfrage an <strong data-start=\"970\" data-end=\"1001\"><a class=\"cursor-pointer\" rel=\"noopener\" data-start=\"972\" data-end=\"999\">booking@badehaus-berlin.com<\/a><\/strong><\/p>\n\n\t\t<\/div>\n\t<\/div>\n<div class=\"wpb_gallery wpb_content_element vc_clearfix wpb_content_element\" ><div class=\"wpb_wrapper\"><div class=\"wpb_gallery_slides wpb_image_grid\" data-interval=\"3\"><ul class=\"wpb_image_grid_ul\"><li class=\"isotope-item\"><a class=\"\" href=\"https:\/\/badehaus-berlin.com\/wp-content\/uploads\/DSC03743-1024x576.jpg\" data-lightbox=\"lightbox[rel-9460-1000009979]\"><img loading=\"lazy\" decoding=\"async\" width=\"150\" height=\"150\" src=\"https:\/\/badehaus-berlin.com\/wp-content\/uploads\/DSC03743-150x150.jpg\" class=\"attachment-thumbnail\" alt=\"\" title=\"DSC03743\" srcset=\"https:\/\/badehaus-berlin.com\/wp-content\/uploads\/DSC03743-150x150.jpg 150w, https:\/\/badehaus-berlin.com\/wp-content\/uploads\/DSC03743-60x60.jpg 60w, https:\/\/badehaus-berlin.com\/wp-content\/uploads\/DSC03743-500x500.jpg 500w\" sizes=\"auto, (max-width: 150px) 100vw, 150px\" \/><\/a><\/li><li class=\"isotope-item\"><a class=\"\" href=\"https:\/\/badehaus-berlin.com\/wp-content\/uploads\/DSC03022-1024x576.jpg\" data-lightbox=\"lightbox[rel-9460-1000009979]\"><img loading=\"lazy\" decoding=\"async\" width=\"150\" height=\"150\" src=\"https:\/\/badehaus-berlin.com\/wp-content\/uploads\/DSC03022-150x150.jpg\" class=\"attachment-thumbnail\" alt=\"\" title=\"DSC03022\" srcset=\"https:\/\/badehaus-berlin.com\/wp-content\/uploads\/DSC03022-150x150.jpg 150w, https:\/\/badehaus-berlin.com\/wp-content\/uploads\/DSC03022-60x60.jpg 60w, https:\/\/badehaus-berlin.com\/wp-content\/uploads\/DSC03022-500x500.jpg 500w\" sizes=\"auto, (max-width: 150px) 100vw, 150px\" \/><\/a><\/li><li class=\"isotope-item\"><a class=\"\" href=\"https:\/\/badehaus-berlin.com\/wp-content\/uploads\/DSC03735-1024x576.jpg\" data-lightbox=\"lightbox[rel-9460-1000009979]\"><img loading=\"lazy\" decoding=\"async\" width=\"150\" height=\"150\" src=\"https:\/\/badehaus-berlin.com\/wp-content\/uploads\/DSC03735-150x150.jpg\" class=\"attachment-thumbnail\" alt=\"\" title=\"DSC03735\" srcset=\"https:\/\/badehaus-berlin.com\/wp-content\/uploads\/DSC03735-150x150.jpg 150w, https:\/\/badehaus-berlin.com\/wp-content\/uploads\/DSC03735-60x60.jpg 60w, https:\/\/badehaus-berlin.com\/wp-content\/uploads\/DSC03735-500x500.jpg 500w\" sizes=\"auto, (max-width: 150px) 100vw, 150px\" \/><\/a><\/li><li class=\"isotope-item\"><a class=\"\" href=\"https:\/\/badehaus-berlin.com\/wp-content\/uploads\/DSC03802-1024x576.jpg\" data-lightbox=\"lightbox[rel-9460-1000009979]\"><img loading=\"lazy\" decoding=\"async\" width=\"150\" height=\"150\" src=\"https:\/\/badehaus-berlin.com\/wp-content\/uploads\/DSC03802-150x150.jpg\" class=\"attachment-thumbnail\" alt=\"\" title=\"DSC03802\" srcset=\"https:\/\/badehaus-berlin.com\/wp-content\/uploads\/DSC03802-150x150.jpg 150w, https:\/\/badehaus-berlin.com\/wp-content\/uploads\/DSC03802-60x60.jpg 60w, https:\/\/badehaus-berlin.com\/wp-content\/uploads\/DSC03802-500x500.jpg 500w\" sizes=\"auto, (max-width: 150px) 100vw, 150px\" \/><\/a><\/li><li class=\"isotope-item\"><a class=\"\" href=\"https:\/\/badehaus-berlin.com\/wp-content\/uploads\/Mainbar-area-768x1024.jpg\" data-lightbox=\"lightbox[rel-9460-1000009979]\"><img loading=\"lazy\" decoding=\"async\" width=\"150\" height=\"150\" src=\"https:\/\/badehaus-berlin.com\/wp-content\/uploads\/Mainbar-area-150x150.jpg\" class=\"attachment-thumbnail\" alt=\"\" title=\"Mainbar-area\" srcset=\"https:\/\/badehaus-berlin.com\/wp-content\/uploads\/Mainbar-area-150x150.jpg 150w, https:\/\/badehaus-berlin.com\/wp-content\/uploads\/Mainbar-area-60x60.jpg 60w, https:\/\/badehaus-berlin.com\/wp-content\/uploads\/Mainbar-area-500x500.jpg 500w\" sizes=\"auto, (max-width: 150px) 100vw, 150px\" \/><\/a><\/li><li class=\"isotope-item\"><a class=\"\" href=\"https:\/\/badehaus-berlin.com\/wp-content\/uploads\/Mainbar_Lights-577x1024.jpg\" data-lightbox=\"lightbox[rel-9460-1000009979]\"><img loading=\"lazy\" decoding=\"async\" width=\"150\" height=\"150\" src=\"https:\/\/badehaus-berlin.com\/wp-content\/uploads\/Mainbar_Lights-150x150.jpg\" class=\"attachment-thumbnail\" alt=\"\" title=\"Mainbar_Lights\" srcset=\"https:\/\/badehaus-berlin.com\/wp-content\/uploads\/Mainbar_Lights-150x150.jpg 150w, https:\/\/badehaus-berlin.com\/wp-content\/uploads\/Mainbar_Lights-60x60.jpg 60w, https:\/\/badehaus-berlin.com\/wp-content\/uploads\/Mainbar_Lights-500x500.jpg 500w\" sizes=\"auto, (max-width: 150px) 100vw, 150px\" \/><\/a><\/li><\/ul><\/div><\/div><\/div><\/div><\/div><\/div><\/div><\/div><\/section>\n<\/div>","protected":false},"excerpt":{"rendered":"FIRMEN \/ TAGESNUTZUNG Das Badehaus Berlin in Berlin-Friedrichshain kann auch au\u00dferhalb des regul\u00e4ren Programms f\u00fcr individuelle Veranstaltungen und Corporate Events gemietet...","protected":false},"author":4,"featured_media":0,"parent":0,"menu_order":0,"comment_status":"closed","ping_status":"closed","template":"","meta":{"footnotes":""},"class_list":["post-9460","page","type-page","status-publish","hentry"],"yoast_head":"<!-- This site is optimized with the Yoast SEO plugin v27.4 - https:\/\/yoast.com\/product\/yoast-seo-wordpress\/ -->\n<title>Firmen \/ Tagesnutzung - Badehaus Berlin<\/title>\n<meta name=\"robots\" content=\"index, follow, max-snippet:-1, max-image-preview:large, max-video-preview:-1\" \/>\n<link rel=\"canonical\" href=\"https:\/\/badehaus-berlin.com\/en\/corporative\/\" \/>\n<meta property=\"og:locale\" content=\"en_GB\" \/>\n<meta property=\"og:type\" content=\"article\" \/>\n<meta property=\"og:title\" content=\"Firmen \/ Tagesnutzung - Badehaus Berlin\" \/>\n<meta property=\"og:url\" content=\"https:\/\/badehaus-berlin.com\/en\/corporative\/\" \/>\n<meta property=\"og:site_name\" content=\"Badehaus Berlin\" \/>\n<meta property=\"article:modified_time\" content=\"2025-06-18T15:16:51+00:00\" \/>\n<meta name=\"twitter:card\" content=\"summary_large_image\" \/>\n<meta name=\"twitter:label1\" content=\"Estimated reading time\" \/>\n\t<meta name=\"twitter:data1\" content=\"1 minute\" \/>\n<script type=\"application\/ld+json\" class=\"yoast-schema-graph\">{\"@context\":\"https:\\\/\\\/schema.org\",\"@graph\":[{\"@type\":\"WebPage\",\"@id\":\"https:\\\/\\\/badehaus-berlin.com\\\/corporative\\\/\",\"url\":\"https:\\\/\\\/badehaus-berlin.com\\\/corporative\\\/\",\"name\":\"Firmen \\\/ Tagesnutzung - Badehaus Berlin\",\"isPartOf\":{\"@id\":\"https:\\\/\\\/badehaus-berlin.com\\\/#website\"},\"datePublished\":\"2025-06-17T12:21:38+00:00\",\"dateModified\":\"2025-06-18T15:16:51+00:00\",\"breadcrumb\":{\"@id\":\"https:\\\/\\\/badehaus-berlin.com\\\/corporative\\\/#breadcrumb\"},\"inLanguage\":\"en-GB\",\"potentialAction\":[{\"@type\":\"ReadAction\",\"target\":[\"https:\\\/\\\/badehaus-berlin.com\\\/corporative\\\/\"]}]},{\"@type\":\"BreadcrumbList\",\"@id\":\"https:\\\/\\\/badehaus-berlin.com\\\/corporative\\\/#breadcrumb\",\"itemListElement\":[{\"@type\":\"ListItem\",\"position\":1,\"name\":\"Startseite\",\"item\":\"https:\\\/\\\/badehaus-berlin.com\\\/\"},{\"@type\":\"ListItem\",\"position\":2,\"name\":\"Firmen \\\/ Tagesnutzung\"}]},{\"@type\":\"WebSite\",\"@id\":\"https:\\\/\\\/badehaus-berlin.com\\\/#website\",\"url\":\"https:\\\/\\\/badehaus-berlin.com\\\/\",\"name\":\"Badehaus Berlin\",\"description\":\"\",\"potentialAction\":[{\"@type\":\"SearchAction\",\"target\":{\"@type\":\"EntryPoint\",\"urlTemplate\":\"https:\\\/\\\/badehaus-berlin.com\\\/?s={search_term_string}\"},\"query-input\":{\"@type\":\"PropertyValueSpecification\",\"valueRequired\":true,\"valueName\":\"search_term_string\"}}],\"inLanguage\":\"en-GB\"}]}<\/script>\n<!-- \/ Yoast SEO plugin. -->","yoast_head_json":{"title":"Firmen \/ Tagesnutzung - Badehaus Berlin","robots":{"index":"index","follow":"follow","max-snippet":"max-snippet:-1","max-image-preview":"max-image-preview:large","max-video-preview":"max-video-preview:-1"},"canonical":"https:\/\/badehaus-berlin.com\/en\/corporative\/","og_locale":"en_GB","og_type":"article","og_title":"Firmen \/ Tagesnutzung - Badehaus Berlin","og_url":"https:\/\/badehaus-berlin.com\/en\/corporative\/","og_site_name":"Badehaus Berlin","article_modified_time":"2025-06-18T15:16:51+00:00","twitter_card":"summary_large_image","twitter_misc":{"Estimated reading time":"1 minute"},"schema":{"@context":"https:\/\/schema.org","@graph":[{"@type":"WebPage","@id":"https:\/\/badehaus-berlin.com\/corporative\/","url":"https:\/\/badehaus-berlin.com\/corporative\/","name":"Firmen \/ Tagesnutzung - Badehaus Berlin","isPartOf":{"@id":"https:\/\/badehaus-berlin.com\/#website"},"datePublished":"2025-06-17T12:21:38+00:00","dateModified":"2025-06-18T15:16:51+00:00","breadcrumb":{"@id":"https:\/\/badehaus-berlin.com\/corporative\/#breadcrumb"},"inLanguage":"en-GB","potentialAction":[{"@type":"ReadAction","target":["https:\/\/badehaus-berlin.com\/corporative\/"]}]},{"@type":"BreadcrumbList","@id":"https:\/\/badehaus-berlin.com\/corporative\/#breadcrumb","itemListElement":[{"@type":"ListItem","position":1,"name":"Startseite","item":"https:\/\/badehaus-berlin.com\/"},{"@type":"ListItem","position":2,"name":"Firmen \/ Tagesnutzung"}]},{"@type":"WebSite","@id":"https:\/\/badehaus-berlin.com\/#website","url":"https:\/\/badehaus-berlin.com\/","name":"Badehaus Berlin","description":"","potentialAction":[{"@type":"SearchAction","target":{"@type":"EntryPoint","urlTemplate":"https:\/\/badehaus-berlin.com\/?s={search_term_string}"},"query-input":{"@type":"PropertyValueSpecification","valueRequired":true,"valueName":"search_term_string"}}],"inLanguage":"en-GB"}]}},"_links":{"self":[{"href":"https:\/\/badehaus-berlin.com\/en\/wp-json\/wp\/v2\/pages\/9460","targetHints":{"allow":["GET"]}}],"collection":[{"href":"https:\/\/badehaus-berlin.com\/en\/wp-json\/wp\/v2\/pages"}],"about":[{"href":"https:\/\/badehaus-berlin.com\/en\/wp-json\/wp\/v2\/types\/page"}],"author":[{"embeddable":true,"href":"https:\/\/badehaus-berlin.com\/en\/wp-json\/wp\/v2\/users\/4"}],"replies":[{"embeddable":true,"href":"https:\/\/badehaus-berlin.com\/en\/wp-json\/wp\/v2\/comments?post=9460"}],"version-history":[{"count":0,"href":"https:\/\/badehaus-berlin.com\/en\/wp-json\/wp\/v2\/pages\/9460\/revisions"}],"wp:attachment":[{"href":"https:\/\/badehaus-berlin.com\/en\/wp-json\/wp\/v2\/media?parent=9460"}],"curies":[{"name":"wp","href":"https:\/\/api.w.org\/{rel}","templated":true}]}}