{"id":7597,"date":"2024-01-18T11:22:31","date_gmt":"2024-01-18T10:22:31","guid":{"rendered":"https:\/\/badehaus-berlin.com\/?page_id=7597"},"modified":"2024-01-18T11:28:05","modified_gmt":"2024-01-18T10:28:05","slug":"faq","status":"publish","type":"page","link":"https:\/\/badehaus-berlin.com\/en\/faq\/","title":{"rendered":"FAQ"},"content":{"rendered":"<div class=\"wpb-content-wrapper\"><section class=\"light-wrapper normal-padding vc_row wpb_row vc_row-fluid light-wrapper normal-padding\"><div class=\"container\"><div class=\"row\"><div class=\"wpb_column vc_column_container col-sm-12\"><div class=\"vc_column-inner\"><div class=\"wpb_wrapper\">\n\t<div class=\"wpb_text_column wpb_content_element\" >\n\t\t<div class=\"wpb_wrapper\">\n\t\t\t<h1 style=\"text-align: left;\">FAQ<\/h1>\n\n\t\t<\/div>\n\t<\/div>\n<div  class=\"vc_do_toggle vc_toggle vc_toggle_default vc_toggle_color_default  vc_toggle_size_md\"><div class=\"vc_toggle_title\"><h4>Is there an age limit for events at Badehaus?<\/h4><i class=\"vc_toggle_icon\"><\/i><\/div><div class=\"vc_toggle_content\"><p>Admission to CLUB NIGHTS (including everything that starts at 10 p.m. or later) is from\u00a0<strong>18 years of age<\/strong>! No exceptions! No accompaniment by parents\/guardians, no Muttizettel or similar!<\/p>\n<p>People under 16 are allowed to attend a concert until 10:00 p.m.\u00a0<strong>when accompanied<\/strong>\u00a0by a parent or guardian. Age must be proven using a valid identification document (passport, ID card, health insurance card). Student ID cards, bus tickets, etc. are not valid.<\/p>\n<p>Alternatively, legal guardians can transfer the care of the child\/young person to a person who can be proven to be of legal age. The prerequisite is a fully completed\u00a0<a href=\"https:\/\/badehaus-berlin.com\/wp-content\/uploads\/muttizettel_form.pdf\">Muttizettel<\/a>The person responsible for the minors can supervise several children\/young people, but must be physically and mentally able to oversee the situation and take responsibility.<\/p>\n<\/div><\/div><div  class=\"vc_do_toggle vc_toggle vc_toggle_default vc_toggle_color_default  vc_toggle_size_md\"><div class=\"vc_toggle_title\"><h4>How is accessability at Badehaus?<\/h4><i class=\"vc_toggle_icon\"><\/i><\/div><div class=\"vc_toggle_content\"><p>Our floors are all on the ground floor. We have ramps to access the club and an accessible toilet. Your companion has free entry.<\/p>\n<\/div><\/div><div  class=\"vc_do_toggle vc_toggle vc_toggle_default vc_toggle_color_default  vc_toggle_size_md\"><div class=\"vc_toggle_title\"><h4>Can I smoke at Badehaus?<\/h4><i class=\"vc_toggle_icon\"><\/i><\/div><div class=\"vc_toggle_content\"><p>Smoking is absolutely prohibited in the club. If you want to smoke and are 18 years or older, you can do so outside on the terrace.<\/p>\n<\/div><\/div><div  class=\"vc_do_toggle vc_toggle vc_toggle_default vc_toggle_color_default  vc_toggle_size_md\"><div class=\"vc_toggle_title\"><h4>Is there a coat-check?<\/h4><i class=\"vc_toggle_icon\"><\/i><\/div><div class=\"vc_toggle_content\"><p>Yes, we have a cloakroom. The storage fee is 2 euros per jacket or bag.<\/p>\n<\/div><\/div><div  class=\"vc_do_toggle vc_toggle vc_toggle_default vc_toggle_color_default  vc_toggle_size_md\"><div class=\"vc_toggle_title\"><h4>Can I park at Badehaus?<\/h4><i class=\"vc_toggle_icon\"><\/i><\/div><div class=\"vc_toggle_content\"><p>Unfortunately, we don\u2019t have our own parking lot for visitors. Parking in front of the bathhouse is prohibited.<br \/>\nWe recommend taking public transport to S+U Warschauer Str. station.<\/p>\n<\/div><\/div><div  class=\"vc_do_toggle vc_toggle vc_toggle_default vc_toggle_color_default  vc_toggle_size_md\"><div class=\"vc_toggle_title\"><h4>The concert is listed as sold out, can I buy tickets at the door?<\/h4><i class=\"vc_toggle_icon\"><\/i><\/div><div class=\"vc_toggle_content\"><p>No, sold out means sold out.<\/p>\n<\/div><\/div><div  class=\"vc_do_toggle vc_toggle vc_toggle_default vc_toggle_color_default  vc_toggle_size_md\"><div class=\"vc_toggle_title\"><h4>I have lost something at Badehaus, what can I do?<\/h4><i class=\"vc_toggle_icon\"><\/i><\/div><div class=\"vc_toggle_content\"><p>Please write an email to <a href=\"mailto:lostandfound@badehaus-berlin.com\">lostandfound@badehaus-berlin.com<\/a> and our team will see if they can find your item.<\/p>\n<p>Unclaimed jackets from the cloakroom or clothing items, cell phones, credit cards and ID cards left behind are usually held for 4 weeks and can be picked up at our office.<\/p>\n<\/div><\/div><\/div><\/div><\/div><\/div><\/div><\/section>\n<\/div>","protected":false},"excerpt":{"rendered":"FAQ Gibt es eine Altersbeschr\u00e4nkung bei Veranstaltungen im Badehaus?Einlass zu CLUBN\u00c4CHTEN (u.a. alles, was ab 22 Uhr oder sp\u00e4ter beginnt)\u00a0ab 18...","protected":false},"author":4,"featured_media":0,"parent":0,"menu_order":0,"comment_status":"closed","ping_status":"closed","template":"","meta":{"footnotes":""},"class_list":["post-7597","page","type-page","status-publish","hentry"],"yoast_head":"<!-- This site is optimized with the Yoast SEO plugin v27.4 - https:\/\/yoast.com\/product\/yoast-seo-wordpress\/ -->\n<title>FAQ - Badehaus Berlin<\/title>\n<meta name=\"robots\" content=\"index, follow, max-snippet:-1, max-image-preview:large, max-video-preview:-1\" \/>\n<link rel=\"canonical\" href=\"https:\/\/badehaus-berlin.com\/en\/faq\/\" \/>\n<meta property=\"og:locale\" content=\"en_GB\" \/>\n<meta property=\"og:type\" content=\"article\" \/>\n<meta property=\"og:title\" content=\"FAQ - Badehaus Berlin\" \/>\n<meta property=\"og:url\" content=\"https:\/\/badehaus-berlin.com\/en\/faq\/\" \/>\n<meta property=\"og:site_name\" content=\"Badehaus Berlin\" \/>\n<meta property=\"article:modified_time\" content=\"2024-01-18T10:28:05+00:00\" \/>\n<meta name=\"twitter:card\" content=\"summary_large_image\" \/>\n<meta name=\"twitter:label1\" content=\"Estimated reading time\" \/>\n\t<meta name=\"twitter:data1\" content=\"2 minutes\" \/>\n<script type=\"application\/ld+json\" class=\"yoast-schema-graph\">{\"@context\":\"https:\\\/\\\/schema.org\",\"@graph\":[{\"@type\":\"WebPage\",\"@id\":\"https:\\\/\\\/badehaus-berlin.com\\\/faq\\\/\",\"url\":\"https:\\\/\\\/badehaus-berlin.com\\\/faq\\\/\",\"name\":\"FAQ - Badehaus Berlin\",\"isPartOf\":{\"@id\":\"https:\\\/\\\/badehaus-berlin.com\\\/#website\"},\"datePublished\":\"2024-01-18T10:22:31+00:00\",\"dateModified\":\"2024-01-18T10:28:05+00:00\",\"breadcrumb\":{\"@id\":\"https:\\\/\\\/badehaus-berlin.com\\\/faq\\\/#breadcrumb\"},\"inLanguage\":\"en-GB\",\"potentialAction\":[{\"@type\":\"ReadAction\",\"target\":[\"https:\\\/\\\/badehaus-berlin.com\\\/faq\\\/\"]}]},{\"@type\":\"BreadcrumbList\",\"@id\":\"https:\\\/\\\/badehaus-berlin.com\\\/faq\\\/#breadcrumb\",\"itemListElement\":[{\"@type\":\"ListItem\",\"position\":1,\"name\":\"Startseite\",\"item\":\"https:\\\/\\\/badehaus-berlin.com\\\/\"},{\"@type\":\"ListItem\",\"position\":2,\"name\":\"FAQ\"}]},{\"@type\":\"WebSite\",\"@id\":\"https:\\\/\\\/badehaus-berlin.com\\\/#website\",\"url\":\"https:\\\/\\\/badehaus-berlin.com\\\/\",\"name\":\"Badehaus Berlin\",\"description\":\"\",\"potentialAction\":[{\"@type\":\"SearchAction\",\"target\":{\"@type\":\"EntryPoint\",\"urlTemplate\":\"https:\\\/\\\/badehaus-berlin.com\\\/?s={search_term_string}\"},\"query-input\":{\"@type\":\"PropertyValueSpecification\",\"valueRequired\":true,\"valueName\":\"search_term_string\"}}],\"inLanguage\":\"en-GB\"}]}<\/script>\n<!-- \/ Yoast SEO plugin. -->","yoast_head_json":{"title":"FAQ - Badehaus Berlin","robots":{"index":"index","follow":"follow","max-snippet":"max-snippet:-1","max-image-preview":"max-image-preview:large","max-video-preview":"max-video-preview:-1"},"canonical":"https:\/\/badehaus-berlin.com\/en\/faq\/","og_locale":"en_GB","og_type":"article","og_title":"FAQ - Badehaus Berlin","og_url":"https:\/\/badehaus-berlin.com\/en\/faq\/","og_site_name":"Badehaus Berlin","article_modified_time":"2024-01-18T10:28:05+00:00","twitter_card":"summary_large_image","twitter_misc":{"Estimated reading time":"2 minutes"},"schema":{"@context":"https:\/\/schema.org","@graph":[{"@type":"WebPage","@id":"https:\/\/badehaus-berlin.com\/faq\/","url":"https:\/\/badehaus-berlin.com\/faq\/","name":"FAQ - Badehaus Berlin","isPartOf":{"@id":"https:\/\/badehaus-berlin.com\/#website"},"datePublished":"2024-01-18T10:22:31+00:00","dateModified":"2024-01-18T10:28:05+00:00","breadcrumb":{"@id":"https:\/\/badehaus-berlin.com\/faq\/#breadcrumb"},"inLanguage":"en-GB","potentialAction":[{"@type":"ReadAction","target":["https:\/\/badehaus-berlin.com\/faq\/"]}]},{"@type":"BreadcrumbList","@id":"https:\/\/badehaus-berlin.com\/faq\/#breadcrumb","itemListElement":[{"@type":"ListItem","position":1,"name":"Startseite","item":"https:\/\/badehaus-berlin.com\/"},{"@type":"ListItem","position":2,"name":"FAQ"}]},{"@type":"WebSite","@id":"https:\/\/badehaus-berlin.com\/#website","url":"https:\/\/badehaus-berlin.com\/","name":"Badehaus Berlin","description":"","potentialAction":[{"@type":"SearchAction","target":{"@type":"EntryPoint","urlTemplate":"https:\/\/badehaus-berlin.com\/?s={search_term_string}"},"query-input":{"@type":"PropertyValueSpecification","valueRequired":true,"valueName":"search_term_string"}}],"inLanguage":"en-GB"}]}},"_links":{"self":[{"href":"https:\/\/badehaus-berlin.com\/en\/wp-json\/wp\/v2\/pages\/7597","targetHints":{"allow":["GET"]}}],"collection":[{"href":"https:\/\/badehaus-berlin.com\/en\/wp-json\/wp\/v2\/pages"}],"about":[{"href":"https:\/\/badehaus-berlin.com\/en\/wp-json\/wp\/v2\/types\/page"}],"author":[{"embeddable":true,"href":"https:\/\/badehaus-berlin.com\/en\/wp-json\/wp\/v2\/users\/4"}],"replies":[{"embeddable":true,"href":"https:\/\/badehaus-berlin.com\/en\/wp-json\/wp\/v2\/comments?post=7597"}],"version-history":[{"count":0,"href":"https:\/\/badehaus-berlin.com\/en\/wp-json\/wp\/v2\/pages\/7597\/revisions"}],"wp:attachment":[{"href":"https:\/\/badehaus-berlin.com\/en\/wp-json\/wp\/v2\/media?parent=7597"}],"curies":[{"name":"wp","href":"https:\/\/api.w.org\/{rel}","templated":true}]}}