{"id":41,"date":"2019-10-19T12:22:39","date_gmt":"2019-10-19T10:22:39","guid":{"rendered":"https:\/\/www.badehaus-berlin.com\/raw\/?page_id=41"},"modified":"2024-01-18T11:31:02","modified_gmt":"2024-01-18T10:31:02","slug":"contact","status":"publish","type":"page","link":"https:\/\/badehaus-berlin.com\/en\/contact\/","title":{"rendered":"Contact"},"content":{"rendered":"<div class=\"wpb-content-wrapper\"><div class=\"row light-wrapper  light-wrapper normal-padding  light-wrapper normal-padding\"><div class=\"wpb_column vc_column_container col-sm-12\" id=\"headslide\"><div class=\"vc_column-inner\"><div class=\"wpb_wrapper\"><div class=\"slider-all-controls\" style=\"height: 300px;\"><ul class=\"slides\">\n\t\t<li class=\"vid-bg image-bg overlay pt240 local pb240\" style=\"height: 300px;\">\n\t\t\n\t\t    <div class=\"background-image-holder\">\n\t\t        <img loading=\"lazy\" decoding=\"async\" width=\"2560\" height=\"667\" src=\"https:\/\/badehaus-berlin.com\/wp-content\/uploads\/Badehaus_header_standbild-scaled.jpg\" class=\"background-image\" alt=\"\" srcset=\"https:\/\/badehaus-berlin.com\/wp-content\/uploads\/Badehaus_header_standbild-scaled.jpg 2560w, https:\/\/badehaus-berlin.com\/wp-content\/uploads\/Badehaus_header_standbild-scaled-600x156.jpg 600w, https:\/\/badehaus-berlin.com\/wp-content\/uploads\/Badehaus_header_standbild-300x78.jpg 300w, https:\/\/badehaus-berlin.com\/wp-content\/uploads\/Badehaus_header_standbild-1024x267.jpg 1024w, https:\/\/badehaus-berlin.com\/wp-content\/uploads\/Badehaus_header_standbild-768x200.jpg 768w, https:\/\/badehaus-berlin.com\/wp-content\/uploads\/Badehaus_header_standbild-1536x400.jpg 1536w, https:\/\/badehaus-berlin.com\/wp-content\/uploads\/Badehaus_header_standbild-2048x533.jpg 2048w\" sizes=\"auto, (max-width: 2560px) 100vw, 2560px\" \/>\n\t\t    <\/div>\n\t\t    \n\t\t    <div class=\"fs-vid-background\">\n\t\t        <video muted loop playsinline>\n\t\t            <source src=\"\" type=\"video\/webm\">\n\t\t            <source src=\"https:\/\/badehaus-berlin.com\/wp-content\/uploads\/Badehaus_header.mp4\" type=\"video\/mp4\">\n\t\t            <source src=\"\" type=\"video\/ogg\">\t\n\t\t        <\/video>\n\t\t    <\/div>\n\t\t    \n\t\t    <div class=\"container\">\n\t\t        <div class=\"row\">\n\t\t            <div class=\"col-sm-12\">\n\t\t                \n\t\t            <\/div>\n\t\t        <\/div>\n\t\t    <\/div>\n\t\t    \n\t\t<\/li>\n\t<\/ul><\/div><\/div><\/div><\/div><\/div><section class=\"light-wrapper normal-padding vc_row wpb_row vc_row-fluid light-wrapper normal-padding\"><div class=\"container\"><div class=\"row\"><div class=\"wpb_column vc_column_container col-sm-12\"><div class=\"vc_column-inner\"><div class=\"wpb_wrapper\">\n\t<div class=\"wpb_text_column wpb_content_element\" >\n\t\t<div class=\"wpb_wrapper\">\n\t\t\t<h1 style=\"text-align: left;\">Contact<\/h1>\n<p>Before contacting us, please check if your question has already been answered here: <a href=\"https:\/\/badehaus-berlin.com\/en\/faq\/\">FAQ<\/a> If not, feel free to send us your question.<\/p>\n\n\t\t<\/div>\n\t<\/div>\n<div class=\"vc_separator wpb_content_element vc_separator_align_center vc_sep_width_100 vc_sep_border_width_2 vc_sep_pos_align_center vc_separator_no_text vc_sep_color_grey wpb_content_element  wpb_content_element\" ><span class=\"vc_sep_holder vc_sep_holder_l\"><span class=\"vc_sep_line\"><\/span><\/span><span class=\"vc_sep_holder vc_sep_holder_r\"><span class=\"vc_sep_line\"><\/span><\/span>\n<\/div><div class=\"vc_row wpb_row vc_inner vc_row-fluid\"><div class=\"wpb_column vc_column_container col-sm-6\"><div class=\"vc_column-inner\"><div class=\"wpb_wrapper\">\n\t<div class=\"wpb_text_column wpb_content_element\" >\n\t\t<div class=\"wpb_wrapper\">\n\t\t\t<p><strong>Badehaus Berlin<\/strong><br \/>\nRevaler Stra\u00dfe 99<br \/>\n10245 Berlin-Friedrichshain<br \/>\n(auf dem RAW-Gel\u00e4nde, Eingang H\u00f6he Simon-Dach Stra\u00dfe)<\/p>\n<p>(please note: we don't answer booking inquiries on the phone!)<\/p>\n<p><strong>Contact<\/strong><br \/>\nGeneral contact <a href=\"mailto:info@badehaus-berlin.com\">info@badehaus-berlin.com<\/a><br \/>\nPress <a href=\"mailto:presse@badehaus-berlin.com\">presse@badehaus-berlin.com<\/a><br \/>\nBooking inquries<a href=\"mailto:booking@badehaus-berlin.com\"> booking@badehaus-berlin.com<\/a><br \/>\nJobs <a href=\"mailto:jobs@badehaus-berlin.com\">jobs@badehaus-berlin.com<\/a><br \/>\nLost &amp; found <a href=\"mailto:lostandfound@badehaus-berlin.com\">lostandfound@badehaus-berlin.com<\/a><\/p>\n<p>Dear bands and promoters, please understand we can't answer every inquiry and that it simetimes takes a bit of time. If we are interested, we will get back to you.<\/p>\n\n\t\t<\/div>\n\t<\/div>\n<\/div><\/div><\/div><div class=\"wpb_column vc_column_container col-sm-6\"><div class=\"vc_column-inner\"><div class=\"wpb_wrapper\">\n\t<div class=\"wpb_text_column wpb_content_element\" >\n\t\t<div class=\"wpb_wrapper\">\n\t\t\t<p><strong>Opening hours<\/strong><br \/>\nsee <a href=\"https:\/\/badehaus-berlin.com\/en\/events\/\">Programm<\/a><\/p>\n<p>&#8211; &#8211; &#8211; &#8211; &#8211; &#8211;<\/p>\n<p>We highly recommend a trip to the beautiful city of Budapest and a visit to our friends at <a href=\"https:\/\/szimpla.hu\/\" target=\"_blank\" rel=\"noopener noreferrer\">Szimpla Kert<\/a>.<br \/>\nIt is definitely worth the adventure!<\/p>\n\n\t\t<\/div>\n\t<\/div>\n\n\t<div  class=\"wpb_single_image wpb_content_element vc_align_left wpb_content_element\">\n\t\t\n\t\t<figure class=\"wpb_wrapper vc_figure\">\n\t\t\t<div class=\"vc_single_image-wrapper   vc_box_border_grey\"><img decoding=\"async\" class=\"vc_single_image-img\" src=\"https:\/\/badehaus-berlin.com\/wp-content\/uploads\/BADEHAUS_Front-1-scaled-536x253.jpeg\" width=\"536\" height=\"253\" alt=\"BADEHAUS_Front\" title=\"BADEHAUS_Front\" loading=\"lazy\" \/><\/div>\n\t\t<\/figure>\n\t<\/div>\n<\/div><\/div><\/div><\/div>\n<section class=\"p0 wpb_gmaps_widget wpb_content_element vc_map_responsive\">\n    <div class=\"map-holder\" style=\"padding: 200px 0 200px;\">\n        <iframe loading=\"lazy\" src=\"https:\/\/www.google.com\/maps\/embed?pb=!1m18!1m12!1m3!1d2428.4336125799728!2d13.452923851251516!3d52.50749144480968!2m3!1f0!2f0!3f0!3m2!1i1024!2i768!4f13.1!3m3!1m2!1s0x47a84e5979ac1821%3A0xd4f5958f06cff559!2sBadehaus%20Berlin!5e0!3m2!1sde!2sde!4v1584544143811!5m2!1sde!2sde\" width=\"600\" height=\"450\" frameborder=\"0\" style=\"border:0;\" allowfullscreen=\"\" aria-hidden=\"false\" tabindex=\"0\"><\/iframe>    <\/div>\n<\/section><\/div><\/div><\/div><\/div><\/div><\/section>\n<\/div>","protected":false},"excerpt":{"rendered":"Kontakt Bevor an uns herantritt, \u00fcberpr\u00fcft bitte, ob eure Frage hier: FAQ nicht schon beantwortet ist. Wenn nichts dabei ist, kontaktieren...","protected":false},"author":4,"featured_media":0,"parent":0,"menu_order":7,"comment_status":"closed","ping_status":"closed","template":"","meta":{"footnotes":""},"class_list":["post-41","page","type-page","status-publish","hentry"],"yoast_head":"<!-- This site is optimized with the Yoast SEO plugin v27.3 - https:\/\/yoast.com\/product\/yoast-seo-wordpress\/ -->\n<title>Contact - Badehaus Berlin<\/title>\n<meta name=\"robots\" content=\"index, follow, max-snippet:-1, max-image-preview:large, max-video-preview:-1\" \/>\n<link rel=\"canonical\" href=\"https:\/\/badehaus-berlin.com\/en\/contact\/\" \/>\n<meta property=\"og:locale\" content=\"en_GB\" \/>\n<meta property=\"og:type\" content=\"article\" \/>\n<meta property=\"og:title\" content=\"Contact - Badehaus Berlin\" \/>\n<meta property=\"og:url\" content=\"https:\/\/badehaus-berlin.com\/en\/contact\/\" \/>\n<meta property=\"og:site_name\" content=\"Badehaus Berlin\" \/>\n<meta property=\"article:modified_time\" content=\"2024-01-18T10:31:02+00:00\" \/>\n<meta name=\"twitter:card\" content=\"summary_large_image\" \/>\n<meta name=\"twitter:label1\" content=\"Estimated reading time\" \/>\n\t<meta name=\"twitter:data1\" content=\"1 minute\" \/>\n<script type=\"application\/ld+json\" class=\"yoast-schema-graph\">{\"@context\":\"https:\\\/\\\/schema.org\",\"@graph\":[{\"@type\":\"WebPage\",\"@id\":\"https:\\\/\\\/badehaus-berlin.com\\\/contact\\\/\",\"url\":\"https:\\\/\\\/badehaus-berlin.com\\\/contact\\\/\",\"name\":\"Contact - Badehaus Berlin\",\"isPartOf\":{\"@id\":\"https:\\\/\\\/badehaus-berlin.com\\\/#website\"},\"datePublished\":\"2019-10-19T10:22:39+00:00\",\"dateModified\":\"2024-01-18T10:31:02+00:00\",\"breadcrumb\":{\"@id\":\"https:\\\/\\\/badehaus-berlin.com\\\/contact\\\/#breadcrumb\"},\"inLanguage\":\"en-GB\",\"potentialAction\":[{\"@type\":\"ReadAction\",\"target\":[\"https:\\\/\\\/badehaus-berlin.com\\\/contact\\\/\"]}]},{\"@type\":\"BreadcrumbList\",\"@id\":\"https:\\\/\\\/badehaus-berlin.com\\\/contact\\\/#breadcrumb\",\"itemListElement\":[{\"@type\":\"ListItem\",\"position\":1,\"name\":\"Startseite\",\"item\":\"https:\\\/\\\/badehaus-berlin.com\\\/\"},{\"@type\":\"ListItem\",\"position\":2,\"name\":\"Contact\"}]},{\"@type\":\"WebSite\",\"@id\":\"https:\\\/\\\/badehaus-berlin.com\\\/#website\",\"url\":\"https:\\\/\\\/badehaus-berlin.com\\\/\",\"name\":\"Badehaus Berlin\",\"description\":\"\",\"potentialAction\":[{\"@type\":\"SearchAction\",\"target\":{\"@type\":\"EntryPoint\",\"urlTemplate\":\"https:\\\/\\\/badehaus-berlin.com\\\/?s={search_term_string}\"},\"query-input\":{\"@type\":\"PropertyValueSpecification\",\"valueRequired\":true,\"valueName\":\"search_term_string\"}}],\"inLanguage\":\"en-GB\"}]}<\/script>\n<!-- \/ Yoast SEO plugin. -->","yoast_head_json":{"title":"Contact - Badehaus Berlin","robots":{"index":"index","follow":"follow","max-snippet":"max-snippet:-1","max-image-preview":"max-image-preview:large","max-video-preview":"max-video-preview:-1"},"canonical":"https:\/\/badehaus-berlin.com\/en\/contact\/","og_locale":"en_GB","og_type":"article","og_title":"Contact - Badehaus Berlin","og_url":"https:\/\/badehaus-berlin.com\/en\/contact\/","og_site_name":"Badehaus Berlin","article_modified_time":"2024-01-18T10:31:02+00:00","twitter_card":"summary_large_image","twitter_misc":{"Estimated reading time":"1 minute"},"schema":{"@context":"https:\/\/schema.org","@graph":[{"@type":"WebPage","@id":"https:\/\/badehaus-berlin.com\/contact\/","url":"https:\/\/badehaus-berlin.com\/contact\/","name":"Contact - Badehaus Berlin","isPartOf":{"@id":"https:\/\/badehaus-berlin.com\/#website"},"datePublished":"2019-10-19T10:22:39+00:00","dateModified":"2024-01-18T10:31:02+00:00","breadcrumb":{"@id":"https:\/\/badehaus-berlin.com\/contact\/#breadcrumb"},"inLanguage":"en-GB","potentialAction":[{"@type":"ReadAction","target":["https:\/\/badehaus-berlin.com\/contact\/"]}]},{"@type":"BreadcrumbList","@id":"https:\/\/badehaus-berlin.com\/contact\/#breadcrumb","itemListElement":[{"@type":"ListItem","position":1,"name":"Startseite","item":"https:\/\/badehaus-berlin.com\/"},{"@type":"ListItem","position":2,"name":"Contact"}]},{"@type":"WebSite","@id":"https:\/\/badehaus-berlin.com\/#website","url":"https:\/\/badehaus-berlin.com\/","name":"Badehaus Berlin","description":"","potentialAction":[{"@type":"SearchAction","target":{"@type":"EntryPoint","urlTemplate":"https:\/\/badehaus-berlin.com\/?s={search_term_string}"},"query-input":{"@type":"PropertyValueSpecification","valueRequired":true,"valueName":"search_term_string"}}],"inLanguage":"en-GB"}]}},"_links":{"self":[{"href":"https:\/\/badehaus-berlin.com\/en\/wp-json\/wp\/v2\/pages\/41","targetHints":{"allow":["GET"]}}],"collection":[{"href":"https:\/\/badehaus-berlin.com\/en\/wp-json\/wp\/v2\/pages"}],"about":[{"href":"https:\/\/badehaus-berlin.com\/en\/wp-json\/wp\/v2\/types\/page"}],"author":[{"embeddable":true,"href":"https:\/\/badehaus-berlin.com\/en\/wp-json\/wp\/v2\/users\/4"}],"replies":[{"embeddable":true,"href":"https:\/\/badehaus-berlin.com\/en\/wp-json\/wp\/v2\/comments?post=41"}],"version-history":[{"count":0,"href":"https:\/\/badehaus-berlin.com\/en\/wp-json\/wp\/v2\/pages\/41\/revisions"}],"wp:attachment":[{"href":"https:\/\/badehaus-berlin.com\/en\/wp-json\/wp\/v2\/media?parent=41"}],"curies":[{"name":"wp","href":"https:\/\/api.w.org\/{rel}","templated":true}]}}